{"id":9612,"date":"2026-01-30T12:20:59","date_gmt":"2026-01-30T11:20:59","guid":{"rendered":"https:\/\/www.digitron.be\/?post_type=product&#038;p=9612"},"modified":"2026-01-30T12:51:28","modified_gmt":"2026-01-30T11:51:28","slug":"plc1648d-525c-an","status":"publish","type":"product","link":"https:\/\/www.digitron.be\/fr\/produit\/plc1648d-525c-an\/","title":{"rendered":"PLC1648D-525C\/AN"},"content":{"rendered":"<section class=\"block b-text block__spacer-top block__spacer-bottom\">\n    <div class=\"container\">\n                    <!-- Options Text -->\n            \n            \n    <div class=\"block__global-title mb-20\">\n                    <div class=\"d-block text-start\">\n                <h2 class=\"d-inline-block text-primary mb-0\">DCM Barlight<\/h2>\n            <\/div>\n                            <\/div>\n\n            <div class=\"row\">\n                                    <div class=\"text-body u-text-md text-start col-lg-8\">\n                        <p>Projecteur lin\u00e9aire \u00e0 forte intensit\u00e9 lumineuse, con\u00e7u pour les grandes surfaces et les applications \u00e0 longue distance. Gr\u00e2ce \u00e0 sa puissance et \u00e0 l'uniformit\u00e9 de sa lumi\u00e8re, il cr\u00e9e un contraste \u00e9lev\u00e9 qui rend les textures, les reliefs et les (micro)crevasses ou fissures clairement visibles. Il est disponible dans diff\u00e9rents angles d'ouverture et longueurs, ainsi que dans diff\u00e9rentes couleurs pour s'adapter au mieux \u00e0 l'application.<\/p>\n                    <\/div>\n                            <\/div>\n\n            \n        \n        \n        \n        \n            <\/div>\n<\/section>","protected":false},"excerpt":{"rendered":"","protected":false},"featured_media":9447,"template":"","meta":[],"product_cat":[839,2270,847],"product_tag":[],"product_shipping_class":[],"pa_categorie":[],"pa_operating-voltage":[],"pa_response-time":[],"acf":[],"_links":{"self":[{"href":"https:\/\/www.digitron.be\/fr\/wp-json\/wp\/v2\/product\/9612"}],"collection":[{"href":"https:\/\/www.digitron.be\/fr\/wp-json\/wp\/v2\/product"}],"about":[{"href":"https:\/\/www.digitron.be\/fr\/wp-json\/wp\/v2\/types\/product"}],"wp:featuredmedia":[{"embeddable":true,"href":"https:\/\/www.digitron.be\/fr\/wp-json\/wp\/v2\/media\/9447"}],"wp:attachment":[{"href":"https:\/\/www.digitron.be\/fr\/wp-json\/wp\/v2\/media?parent=9612"}],"wp:term":[{"taxonomy":"product_cat","embeddable":true,"href":"https:\/\/www.digitron.be\/fr\/wp-json\/wp\/v2\/product_cat?post=9612"},{"taxonomy":"product_tag","embeddable":true,"href":"https:\/\/www.digitron.be\/fr\/wp-json\/wp\/v2\/product_tag?post=9612"},{"taxonomy":"product_shipping_class","embeddable":true,"href":"https:\/\/www.digitron.be\/fr\/wp-json\/wp\/v2\/product_shipping_class?post=9612"},{"taxonomy":"pa_categorie","embeddable":true,"href":"https:\/\/www.digitron.be\/fr\/wp-json\/wp\/v2\/pa_categorie?post=9612"},{"taxonomy":"pa_operating-voltage","embeddable":true,"href":"https:\/\/www.digitron.be\/fr\/wp-json\/wp\/v2\/pa_operating-voltage?post=9612"},{"taxonomy":"pa_response-time","embeddable":true,"href":"https:\/\/www.digitron.be\/fr\/wp-json\/wp\/v2\/pa_response-time?post=9612"}],"curies":[{"name":"wp","href":"https:\/\/api.w.org\/{rel}","templated":true}]}}