{"id":4469,"date":"2024-08-21T09:07:46","date_gmt":"2024-08-21T07:07:46","guid":{"rendered":"https:\/\/www.digitron.be\/?post_type=product&#038;p=4469"},"modified":"2024-11-06T11:50:58","modified_gmt":"2024-11-06T10:50:58","slug":"dmr-282l-1920-dom","status":"publish","type":"product","link":"https:\/\/www.digitron.be\/fr\/produit\/dmr-282l-1920-dom\/","title":{"rendered":"DMR-282L-1920-DOM"},"content":{"rendered":"<section class=\"block b-text block__spacer-top block__spacer-bottom\">\n    <div class=\"container\">\n                    <!-- Options Text -->\n            \n            \n    <div class=\"block__global-title mb-20\">\n                    <div class=\"d-block text-start\">\n                <h2 class=\"d-inline-block text-primary mb-0\">Description<\/h2>\n            <\/div>\n                            <\/div>\n\n            <div class=\"row\">\n                                    <div class=\"text-body u-text-md text-start col-lg-8\">\n                        <p>De DataMan 282 is een krachtige, veelzijdige barcodelezer die ontworpen is om sterke prestaties neer te zetten in uiteenlopende toepassingen. <\/p>\n<p>De 282 serie bevat AI-tuning om hoge leesprestaties te garanderen bij moeilijke toepassingen.<br \/>\nDataMan 282 lezers zijn ontworpen om items te traceren in productie- en logistieke faciliteiten. <\/p>\n<p>Qu'il s'agisse de la lecture de codes en mains libres dans un entrep\u00f4t logistique ou du d\u00e9codage de marquages directs de pi\u00e8ces (DPM) dans une usine de fabrication, les lecteurs DataMan 280 augmentent la tra\u00e7abilit\u00e9 et le rendement en offrant les taux de lecture les plus \u00e9lev\u00e9s.<\/p>\n                    <\/div>\n                            <\/div>\n\n            \n        \n        \n        \n        \n            <\/div>\n<\/section>\n\n<section class=\"block b-text pt-0 block__spacer-bottom\">\n    <div class=\"container\">\n                    <!-- Options Text -->\n            \n            \n    <div class=\"block__global-title mb-20\">\n                    <div class=\"d-block text-start\">\n                <h2 class=\"d-inline-block text-primary mb-0\">Caract\u00e9ristiques principales<\/h2>\n            <\/div>\n                            <\/div>\n\n            <div class=\"row\">\n                                    <div class=\"text-body u-text-md text-start col-lg-8\">\n                        <p><strong>Des performances \u00e9lev\u00e9es dans un bo\u00eetier compact :<\/strong><br \/>\nAm\u00e9liorez le rendement et la productivit\u00e9 de vos applications gr\u00e2ce \u00e0 des algorithmes 1D\/2D de pointe et \u00e0 un \u00e9clairage uniforme.<\/p>\n<p><strong>Des performances de lecture robustes :<\/strong><br \/>\nTravaillez dans les environnements de lecture de codes les plus difficiles gr\u00e2ce \u00e0 l'autofocus dynamique et \u00e0 l'imagerie avanc\u00e9e \u00e0 plage dynamique \u00e9lev\u00e9e.<\/p>\n<p><strong>Fonctionnalit\u00e9 pr\u00eate \u00e0 l'emploi :<\/strong><br \/>\nD\u00e9ballez, installez et d\u00e9codez avec un d\u00e9ploiement rapide et intuitif, m\u00eame pour les applications sp\u00e9cialis\u00e9es.<\/p>\n<p><strong>Connectivit\u00e9 et communication flexibles :<\/strong><br \/>\nAugmentez votre efficacit\u00e9 et \u00e9changez des informations plus rapidement gr\u00e2ce \u00e0 l'Ethernet \u00e0 1 gigabit\/seconde, au transfert rapide d'images, \u00e0 la gestion ais\u00e9e des donn\u00e9es et \u00e0 la synchronisation avec plusieurs lecteurs.<\/p>\n<p><strong>R\u00e9glage bas\u00e9 sur l'IA :<\/strong><br \/>\nLe r\u00e9glage AI permet de s'adapter rapidement aux applications difficiles.<\/p>\n                    <\/div>\n                            <\/div>\n\n            \n        \n        \n        \n        \n            <\/div>\n<\/section>","protected":false},"excerpt":{"rendered":"<p>DM282L, 8MM HSLL, Dome<\/p>\n<p><iframe loading=\"lazy\" title=\"Lecteur vid\u00e9o YouTube\" src=\"https:\/\/www.youtube.com\/embed\/W2uvgq7Y3EE?si=IVkjdevpPW7JARG8\" width=\"560\" height=\"315\" frameborder=\"0\" allowfullscreen=\"allowfullscreen\"><\/iframe><\/p>","protected":false},"featured_media":4471,"template":"","meta":[],"product_cat":[568,569,1809],"product_tag":[],"product_shipping_class":[],"pa_categorie":[],"pa_operating-voltage":[],"pa_response-time":[],"acf":[],"_links":{"self":[{"href":"https:\/\/www.digitron.be\/fr\/wp-json\/wp\/v2\/product\/4469"}],"collection":[{"href":"https:\/\/www.digitron.be\/fr\/wp-json\/wp\/v2\/product"}],"about":[{"href":"https:\/\/www.digitron.be\/fr\/wp-json\/wp\/v2\/types\/product"}],"wp:featuredmedia":[{"embeddable":true,"href":"https:\/\/www.digitron.be\/fr\/wp-json\/wp\/v2\/media\/4471"}],"wp:attachment":[{"href":"https:\/\/www.digitron.be\/fr\/wp-json\/wp\/v2\/media?parent=4469"}],"wp:term":[{"taxonomy":"product_cat","embeddable":true,"href":"https:\/\/www.digitron.be\/fr\/wp-json\/wp\/v2\/product_cat?post=4469"},{"taxonomy":"product_tag","embeddable":true,"href":"https:\/\/www.digitron.be\/fr\/wp-json\/wp\/v2\/product_tag?post=4469"},{"taxonomy":"product_shipping_class","embeddable":true,"href":"https:\/\/www.digitron.be\/fr\/wp-json\/wp\/v2\/product_shipping_class?post=4469"},{"taxonomy":"pa_categorie","embeddable":true,"href":"https:\/\/www.digitron.be\/fr\/wp-json\/wp\/v2\/pa_categorie?post=4469"},{"taxonomy":"pa_operating-voltage","embeddable":true,"href":"https:\/\/www.digitron.be\/fr\/wp-json\/wp\/v2\/pa_operating-voltage?post=4469"},{"taxonomy":"pa_response-time","embeddable":true,"href":"https:\/\/www.digitron.be\/fr\/wp-json\/wp\/v2\/pa_response-time?post=4469"}],"curies":[{"name":"wp","href":"https:\/\/api.w.org\/{rel}","templated":true}]}}