{"id":3375,"date":"2024-07-25T10:54:37","date_gmt":"2024-07-25T08:54:37","guid":{"rendered":"https:\/\/www.digitron.be\/?post_type=product&#038;p=3375"},"modified":"2024-07-26T11:16:53","modified_gmt":"2024-07-26T09:16:53","slug":"sh4-30-1050-sm-8-5","status":"publish","type":"product","link":"https:\/\/www.digitron.be\/fr\/produit\/sh4-30-1050-sm-8-5\/","title":{"rendered":"SH4-30-1050-SM-8-5"},"content":{"rendered":"<section class=\"block b-text block__spacer-top pb-0\">\n    <div class=\"container\">\n                    <!-- Options Text -->\n            \n            \n    <div class=\"block__global-title mb-20\">\n                    <div class=\"d-block text-start\">\n                <h2 class=\"d-inline-block text-primary mb-0\">SH4 Muting lichtschermen<\/h2>\n            <\/div>\n                            <\/div>\n\n            <div class=\"row\">\n                                    <div class=\"text-body u-text-md text-start col-lg-8\">\n                        <p>Standaard muting-versie van SH4, een complete serie ultramoderne veiligheidslichtschermen voor alle resoluties en functionaliteitsniveaus.<\/p>\n<p>Deze modellen bieden 2-signalen mono en bidirectionele muting.<\/p>\n                    <\/div>\n                            <\/div>\n\n            \n        \n        \n        \n        \n            <\/div>\n<\/section>\n\n<section class=\"block b-text block__spacer-top block__spacer-bottom\">\n    <div class=\"container\">\n                    <!-- Options Text -->\n            \n            \n    <div class=\"block__global-title mb-20\">\n                    <div class=\"d-block text-start\">\n                <h2 class=\"d-inline-block text-primary mb-0\">Vue d'ensemble<\/h2>\n            <\/div>\n                            <\/div>\n\n            <div class=\"row\">\n                                    <div class=\"text-body u-text-md text-start col-lg-8\">\n                        <p>&#8211; Vingerbescherming (30 mm)<br \/>\n- Port\u00e9e de travail am\u00e9lior\u00e9e : 20 m<br \/>\n- Fonctions de base : alignement, red\u00e9marrage automatique<br \/>\n&#8211; Standaardfuncties: handmatige herstart, EDM<br \/>\n&#8211; Standaardfuncties muting: 2-signalen mono en bidirectioneel muting, override<br \/>\n&#8211; Configuratie van functies met DIP-SW<br \/>\n- Hauteur de surveillance \u00e9tendue jusqu'\u00e0 2250 mm<br \/>\n- Profil compact (35 x 40 mm), commun \u00e0 toutes les lignes SH4<br \/>\n- Installation simplifi\u00e9e par les LED indiquant l'intensit\u00e9 du faisceau<br \/>\n- Synchronisation optique avec 2 faisceaux<br \/>\n- Protection IP67<br \/>\n-30 ... +55 \u00b0C Temp\u00e9rature de fonctionnement<br \/>\n&#8211; Nul dode zone<br \/>\n&#8211; Compleet koppel en hoekbeugel inbegrepen in het pakket<br \/>\n&#8211; Anti-interferentie codes<br \/>\n&#8211; Muting-accessoires verkrijgbaar met voorbedrade en vooraf ge\u00efnstalleerde mutingsensoren<br \/>\n&#8211; Cascadeschakeling met SH4 CASCADE tot drie eenheden<br \/>\n- Pigtails avec connecteurs M12 avec c\u00e2bles standard non blind\u00e9s<br \/>\n&#8211; Ge\u00efntegreerde LED-mute-indicatie<\/p>\n                    <\/div>\n                            <\/div>\n\n            \n        \n        \n        \n        \n            <\/div>\n<\/section>\n\n\n<section class=\"block b-gallery pt-0 pb-0\">\n    <div class=\"container\">\n        \n\n        \n        <div class=\"px-15 mx-n10\">\n            <div class=\"row js-isotope anim-0\">\n                                    \n                    <div class=\"b-gallery__item js-isotope-elem col-sm-6 col-md-4 col-lg-4 px-10 py-10\">\n                                                    <figure>\n                                <img loading=\"lazy\" decoding=\"async\" width=\"900\" height=\"636\" src=\"https:\/\/www.digitron.be\/wp-content\/uploads\/2024\/07\/SH4-PAINT_AND_BODY-automotive_applications-low.png\" class=\"img-fluid\" alt=\"SH4-PAINT_AND_BODY-automotive_applications-low\" title=\"SH4-PAINT_AND_BODY-automotive_applications-low\" srcset=\"https:\/\/www.digitron.be\/wp-content\/uploads\/2024\/07\/SH4-PAINT_AND_BODY-automotive_applications-low.png 900w, https:\/\/www.digitron.be\/wp-content\/uploads\/2024\/07\/SH4-PAINT_AND_BODY-automotive_applications-low-768x543.png 768w, https:\/\/www.digitron.be\/wp-content\/uploads\/2024\/07\/SH4-PAINT_AND_BODY-automotive_applications-low-600x424.png 600w\" sizes=\"(max-width: 900px) 100vw, 900px\" \/>                            <\/figure>\n                                                <\/div>\n                            <\/div>\n        <\/div>\n\n        \n    <\/div>\n<\/section>","protected":false},"excerpt":{"rendered":"<p>Type 4 veiligheidslichtscherm met 2 signalen muting configureerbaar met dip-switches <iframe loading=\"lazy\" title=\"Lecteur vid\u00e9o YouTube\" src=\"https:\/\/www.youtube.com\/embed\/c_daNFuETxc?si=A5gAFP_ds3pHE2wF\" width=\"560\" height=\"315\" frameborder=\"0\" allowfullscreen=\"allowfullscreen\"><\/iframe><\/p>","protected":false},"featured_media":3148,"template":"","meta":[],"product_cat":[603,605,604],"product_tag":[],"product_shipping_class":[],"pa_categorie":[],"pa_operating-voltage":[1268],"pa_response-time":[1319],"acf":[],"_links":{"self":[{"href":"https:\/\/www.digitron.be\/fr\/wp-json\/wp\/v2\/product\/3375"}],"collection":[{"href":"https:\/\/www.digitron.be\/fr\/wp-json\/wp\/v2\/product"}],"about":[{"href":"https:\/\/www.digitron.be\/fr\/wp-json\/wp\/v2\/types\/product"}],"wp:featuredmedia":[{"embeddable":true,"href":"https:\/\/www.digitron.be\/fr\/wp-json\/wp\/v2\/media\/3148"}],"wp:attachment":[{"href":"https:\/\/www.digitron.be\/fr\/wp-json\/wp\/v2\/media?parent=3375"}],"wp:term":[{"taxonomy":"product_cat","embeddable":true,"href":"https:\/\/www.digitron.be\/fr\/wp-json\/wp\/v2\/product_cat?post=3375"},{"taxonomy":"product_tag","embeddable":true,"href":"https:\/\/www.digitron.be\/fr\/wp-json\/wp\/v2\/product_tag?post=3375"},{"taxonomy":"product_shipping_class","embeddable":true,"href":"https:\/\/www.digitron.be\/fr\/wp-json\/wp\/v2\/product_shipping_class?post=3375"},{"taxonomy":"pa_categorie","embeddable":true,"href":"https:\/\/www.digitron.be\/fr\/wp-json\/wp\/v2\/pa_categorie?post=3375"},{"taxonomy":"pa_operating-voltage","embeddable":true,"href":"https:\/\/www.digitron.be\/fr\/wp-json\/wp\/v2\/pa_operating-voltage?post=3375"},{"taxonomy":"pa_response-time","embeddable":true,"href":"https:\/\/www.digitron.be\/fr\/wp-json\/wp\/v2\/pa_response-time?post=3375"}],"curies":[{"name":"wp","href":"https:\/\/api.w.org\/{rel}","templated":true}]}}