{"id":3161,"date":"2024-07-23T09:18:28","date_gmt":"2024-07-23T07:18:28","guid":{"rendered":"https:\/\/www.digitron.be\/?post_type=product&#038;p=3161"},"modified":"2024-07-26T11:57:25","modified_gmt":"2024-07-26T09:57:25","slug":"sh4-30-0750-b-5","status":"publish","type":"product","link":"https:\/\/www.digitron.be\/fr\/produit\/sh4-30-0750-b-5\/","title":{"rendered":"SH4-30-0750-B-5"},"content":{"rendered":"<section class=\"block b-text block__spacer-top pb-0\">\n    <div class=\"container\">\n                    <!-- Options Text -->\n            \n            \n    <div class=\"block__global-title mb-20\">\n                    <div class=\"d-block text-start\">\n                <h2 class=\"d-inline-block text-primary mb-0\">Vue d'ensemble<\/h2>\n            <\/div>\n                            <\/div>\n\n            <div class=\"row\">\n                                    <div class=\"text-body u-text-md text-start col-lg-8\">\n                        <p>- Protection des mains (30 mm)<br \/>\n- Port\u00e9e de travail am\u00e9lior\u00e9e : 20 m<br \/>\n- Fonctions de base : alignement, red\u00e9marrage automatique<br \/>\n- Zone morte z\u00e9ro<br \/>\n- Hauteur de surveillance \u00e9tendue jusqu'\u00e0 2250 mm<br \/>\n- Profil compact (35 x 40 mm), commun \u00e0 toutes les lignes SH4<br \/>\n- Installation simplifi\u00e9e par les LED indiquant l'intensit\u00e9 du faisceau<br \/>\n- Synchronisation optique avec 2 faisceaux<br \/>\n- Protection IP67<br \/>\n-30 ... +55 \u00b0C Temp\u00e9rature de fonctionnement<br \/>\n- Couple complet et support d'angle inclus dans l'emballage<br \/>\n- Vis\u00e9e facile gr\u00e2ce au viseur laser int\u00e9gr\u00e9 (doigt, main) ou au viseur LED (corps)<br \/>\n- Pigtails avec connecteurs M12 avec c\u00e2bles standard non blind\u00e9s<\/p>\n                    <\/div>\n                            <\/div>\n\n            \n        \n        \n        \n        \n            <\/div>\n<\/section>\n\n\n<section class=\"block b-gallery block__spacer-top block__spacer-bottom\">\n    <div class=\"container\">\n        \n\n        \n        <div class=\"px-15 mx-n10\">\n            <div class=\"row js-isotope anim-0\">\n                                    \n                    <div class=\"b-gallery__item js-isotope-elem col-sm-6 col-md-4 col-lg-4 px-10 py-10 sh4\">\n                                                    <figure>\n                                <img loading=\"lazy\" decoding=\"async\" width=\"800\" height=\"800\" src=\"https:\/\/www.digitron.be\/wp-content\/uploads\/2024\/07\/SH4_Together-low-1-800x800.jpg\" class=\"img-fluid\" alt=\"SH4_Together-low (1)\" title=\"SH4_Together-low (1)\" srcset=\"https:\/\/www.digitron.be\/wp-content\/uploads\/2024\/07\/SH4_Together-low-1-800x800.jpg 800w, https:\/\/www.digitron.be\/wp-content\/uploads\/2024\/07\/SH4_Together-low-1-768x768.jpg 768w, https:\/\/www.digitron.be\/wp-content\/uploads\/2024\/07\/SH4_Together-low-1-600x600.jpg 600w, https:\/\/www.digitron.be\/wp-content\/uploads\/2024\/07\/SH4_Together-low-1-300x300.jpg 300w, https:\/\/www.digitron.be\/wp-content\/uploads\/2024\/07\/SH4_Together-low-1-100x100.jpg 100w, https:\/\/www.digitron.be\/wp-content\/uploads\/2024\/07\/SH4_Together-low-1.jpg 900w\" sizes=\"(max-width: 800px) 100vw, 800px\" \/>                            <\/figure>\n                                                <\/div>\n                                    \n                    <div class=\"b-gallery__item js-isotope-elem col-sm-6 col-md-4 col-lg-4 px-10 py-10 sh4\">\n                                                    <figure>\n                                <img loading=\"lazy\" decoding=\"async\" width=\"800\" height=\"800\" src=\"https:\/\/www.digitron.be\/wp-content\/uploads\/2024\/07\/SH4_Horizontal-low-1-800x800.jpg\" class=\"img-fluid\" alt=\"SH4_Horizontal-low (1)\" title=\"SH4_Horizontal-low (1)\" srcset=\"https:\/\/www.digitron.be\/wp-content\/uploads\/2024\/07\/SH4_Horizontal-low-1-800x800.jpg 800w, https:\/\/www.digitron.be\/wp-content\/uploads\/2024\/07\/SH4_Horizontal-low-1-768x768.jpg 768w, https:\/\/www.digitron.be\/wp-content\/uploads\/2024\/07\/SH4_Horizontal-low-1-600x600.jpg 600w, https:\/\/www.digitron.be\/wp-content\/uploads\/2024\/07\/SH4_Horizontal-low-1-300x300.jpg 300w, https:\/\/www.digitron.be\/wp-content\/uploads\/2024\/07\/SH4_Horizontal-low-1-100x100.jpg 100w, https:\/\/www.digitron.be\/wp-content\/uploads\/2024\/07\/SH4_Horizontal-low-1.jpg 900w\" sizes=\"(max-width: 800px) 100vw, 800px\" \/>                            <\/figure>\n                                                <\/div>\n                                    \n                    <div class=\"b-gallery__item js-isotope-elem col-sm-6 col-md-4 col-lg-4 px-10 py-10 sh4\">\n                                                    <figure>\n                                <img loading=\"lazy\" decoding=\"async\" width=\"800\" height=\"800\" src=\"https:\/\/www.digitron.be\/wp-content\/uploads\/2024\/07\/SH4_Front-low-1-800x800.jpg\" class=\"img-fluid\" alt=\"SH4_Front-low (1)\" title=\"SH4_Front-low (1)\" srcset=\"https:\/\/www.digitron.be\/wp-content\/uploads\/2024\/07\/SH4_Front-low-1-800x800.jpg 800w, https:\/\/www.digitron.be\/wp-content\/uploads\/2024\/07\/SH4_Front-low-1-768x768.jpg 768w, https:\/\/www.digitron.be\/wp-content\/uploads\/2024\/07\/SH4_Front-low-1-600x600.jpg 600w, https:\/\/www.digitron.be\/wp-content\/uploads\/2024\/07\/SH4_Front-low-1-300x300.jpg 300w, https:\/\/www.digitron.be\/wp-content\/uploads\/2024\/07\/SH4_Front-low-1-100x100.jpg 100w, https:\/\/www.digitron.be\/wp-content\/uploads\/2024\/07\/SH4_Front-low-1.jpg 900w\" sizes=\"(max-width: 800px) 100vw, 800px\" \/>                            <\/figure>\n                                                <\/div>\n                            <\/div>\n        <\/div>\n\n        \n    <\/div>\n<\/section>","protected":false},"excerpt":{"rendered":"<p>Curtien lumineux de s\u00e9curit\u00e9 de type 4 avec fonctionnalit\u00e9 de base<\/p>\n<p><iframe loading=\"lazy\" title=\"Lecteur vid\u00e9o YouTube\" src=\"https:\/\/www.youtube.com\/embed\/c_daNFuETxc?si=A5gAFP_ds3pHE2wF\" width=\"560\" height=\"315\" frameborder=\"0\" allowfullscreen=\"allowfullscreen\"><\/iframe><\/p>","protected":false},"featured_media":3115,"template":"","meta":[],"product_cat":[603,605,604],"product_tag":[],"product_shipping_class":[],"pa_categorie":[],"pa_operating-voltage":[1268],"pa_response-time":[1267],"acf":[],"_links":{"self":[{"href":"https:\/\/www.digitron.be\/fr\/wp-json\/wp\/v2\/product\/3161"}],"collection":[{"href":"https:\/\/www.digitron.be\/fr\/wp-json\/wp\/v2\/product"}],"about":[{"href":"https:\/\/www.digitron.be\/fr\/wp-json\/wp\/v2\/types\/product"}],"wp:featuredmedia":[{"embeddable":true,"href":"https:\/\/www.digitron.be\/fr\/wp-json\/wp\/v2\/media\/3115"}],"wp:attachment":[{"href":"https:\/\/www.digitron.be\/fr\/wp-json\/wp\/v2\/media?parent=3161"}],"wp:term":[{"taxonomy":"product_cat","embeddable":true,"href":"https:\/\/www.digitron.be\/fr\/wp-json\/wp\/v2\/product_cat?post=3161"},{"taxonomy":"product_tag","embeddable":true,"href":"https:\/\/www.digitron.be\/fr\/wp-json\/wp\/v2\/product_tag?post=3161"},{"taxonomy":"product_shipping_class","embeddable":true,"href":"https:\/\/www.digitron.be\/fr\/wp-json\/wp\/v2\/product_shipping_class?post=3161"},{"taxonomy":"pa_categorie","embeddable":true,"href":"https:\/\/www.digitron.be\/fr\/wp-json\/wp\/v2\/pa_categorie?post=3161"},{"taxonomy":"pa_operating-voltage","embeddable":true,"href":"https:\/\/www.digitron.be\/fr\/wp-json\/wp\/v2\/pa_operating-voltage?post=3161"},{"taxonomy":"pa_response-time","embeddable":true,"href":"https:\/\/www.digitron.be\/fr\/wp-json\/wp\/v2\/pa_response-time?post=3161"}],"curies":[{"name":"wp","href":"https:\/\/api.w.org\/{rel}","templated":true}]}}