{"id":1779,"date":"2024-02-13T11:33:32","date_gmt":"2024-02-13T10:33:32","guid":{"rendered":"https:\/\/www.digitron.be\/?post_type=product&#038;p=1779"},"modified":"2025-02-07T11:37:00","modified_gmt":"2025-02-07T10:37:00","slug":"s08-4fvg-050-4-polig-5m-pvc","status":"publish","type":"product","link":"https:\/\/www.digitron.be\/fr\/produit\/s08-4fvg-050-4-poles-5m-pvc\/","title":{"rendered":"S08-4FVG-050 | 4 p\u00f4les, 5m, PVC"},"content":{"rendered":"<p>C\u00e2ble PVC de 5 m avec connecteur M8 \u00e0 4 p\u00f4les<\/p>","protected":false},"excerpt":{"rendered":"<p>C\u00e2ble PVC de 5 m avec connecteur M8 \u00e0 4 p\u00f4les<\/p>","protected":false},"featured_media":1816,"template":"","meta":[],"product_cat":[839,1087],"product_tag":[],"product_shipping_class":[],"pa_categorie":[],"pa_operating-voltage":[],"pa_response-time":[],"acf":[],"_links":{"self":[{"href":"https:\/\/www.digitron.be\/fr\/wp-json\/wp\/v2\/product\/1779"}],"collection":[{"href":"https:\/\/www.digitron.be\/fr\/wp-json\/wp\/v2\/product"}],"about":[{"href":"https:\/\/www.digitron.be\/fr\/wp-json\/wp\/v2\/types\/product"}],"wp:featuredmedia":[{"embeddable":true,"href":"https:\/\/www.digitron.be\/fr\/wp-json\/wp\/v2\/media\/1816"}],"wp:attachment":[{"href":"https:\/\/www.digitron.be\/fr\/wp-json\/wp\/v2\/media?parent=1779"}],"wp:term":[{"taxonomy":"product_cat","embeddable":true,"href":"https:\/\/www.digitron.be\/fr\/wp-json\/wp\/v2\/product_cat?post=1779"},{"taxonomy":"product_tag","embeddable":true,"href":"https:\/\/www.digitron.be\/fr\/wp-json\/wp\/v2\/product_tag?post=1779"},{"taxonomy":"product_shipping_class","embeddable":true,"href":"https:\/\/www.digitron.be\/fr\/wp-json\/wp\/v2\/product_shipping_class?post=1779"},{"taxonomy":"pa_categorie","embeddable":true,"href":"https:\/\/www.digitron.be\/fr\/wp-json\/wp\/v2\/pa_categorie?post=1779"},{"taxonomy":"pa_operating-voltage","embeddable":true,"href":"https:\/\/www.digitron.be\/fr\/wp-json\/wp\/v2\/pa_operating-voltage?post=1779"},{"taxonomy":"pa_response-time","embeddable":true,"href":"https:\/\/www.digitron.be\/fr\/wp-json\/wp\/v2\/pa_response-time?post=1779"}],"curies":[{"name":"wp","href":"https:\/\/api.w.org\/{rel}","templated":true}]}}