{"id":1553,"date":"2024-02-13T11:32:51","date_gmt":"2024-02-13T10:32:51","guid":{"rendered":"https:\/\/www.digitron.be\/?post_type=product&#038;p=1553"},"modified":"2024-02-13T16:11:43","modified_gmt":"2024-02-13T15:11:43","slug":"c12-cubic-series","status":"publish","type":"product","link":"https:\/\/www.digitron.be\/fr\/produit\/serie-cubique-c12\/","title":{"rendered":"S\u00e9rie C12 Cubic"},"content":{"rendered":"<p>La s\u00e9rie C12 (13,5 mm x 21,8 mm x 7,7 mm), avec une petite tache visible gr\u00e2ce \u00e0 la LED rouge pinpoint, offre de longues port\u00e9es de d\u00e9tection jusqu'\u00e0 2000 mm dans un type \u00e9metteur-r\u00e9cepteur et 3000 mm dans un type reflex polaris\u00e9. Deux types de suppression de l'arri\u00e8re-plan sont disponibles avec des port\u00e9es de d\u00e9tection fixes allant jusqu'\u00e0 15 mm ou 30 mm. Un troisi\u00e8me type avec potentiom\u00e8tre \u00e0 3 tours (13,5 mm x 27,5 mm x 7,7 mm) d\u00e9tecte de mani\u00e8re fiable des objets jusqu'\u00e0 120 mm.<\/p>\n<ul>\n<li>Longues port\u00e9es de d\u00e9tection<\/li>\n<li>Suppression de l'arri\u00e8re-plan jusqu'\u00e0 120 mm<\/li>\n<li>Excellentes propri\u00e9t\u00e9s de suppression de l'arri\u00e8re-plan<\/li>\n<li>Sortie de c\u00e2ble \u00e0 45\u00b0 pour une installation facile<\/li>\n<\/ul>\n<p>&nbsp;<\/p>\n<p>&nbsp;<\/p>\n<div id=\"ConnectiveDocSignExtentionInstalled\" data-extension-version=\"1.0.4\"><\/div>","protected":false},"excerpt":{"rendered":"<p>&nbsp;<\/p>\n<div id=\"ConnectiveDocSignExtentionInstalled\" data-extension-version=\"1.0.4\"><\/div>","protected":false},"featured_media":641,"template":"","meta":[],"product_cat":[745],"product_tag":[613,671,686,739,742,743,746,747,748],"product_shipping_class":[],"pa_categorie":[],"pa_operating-voltage":[],"pa_response-time":[],"acf":[],"_links":{"self":[{"href":"https:\/\/www.digitron.be\/fr\/wp-json\/wp\/v2\/product\/1553"}],"collection":[{"href":"https:\/\/www.digitron.be\/fr\/wp-json\/wp\/v2\/product"}],"about":[{"href":"https:\/\/www.digitron.be\/fr\/wp-json\/wp\/v2\/types\/product"}],"wp:featuredmedia":[{"embeddable":true,"href":"https:\/\/www.digitron.be\/fr\/wp-json\/wp\/v2\/media\/641"}],"wp:attachment":[{"href":"https:\/\/www.digitron.be\/fr\/wp-json\/wp\/v2\/media?parent=1553"}],"wp:term":[{"taxonomy":"product_cat","embeddable":true,"href":"https:\/\/www.digitron.be\/fr\/wp-json\/wp\/v2\/product_cat?post=1553"},{"taxonomy":"product_tag","embeddable":true,"href":"https:\/\/www.digitron.be\/fr\/wp-json\/wp\/v2\/product_tag?post=1553"},{"taxonomy":"product_shipping_class","embeddable":true,"href":"https:\/\/www.digitron.be\/fr\/wp-json\/wp\/v2\/product_shipping_class?post=1553"},{"taxonomy":"pa_categorie","embeddable":true,"href":"https:\/\/www.digitron.be\/fr\/wp-json\/wp\/v2\/pa_categorie?post=1553"},{"taxonomy":"pa_operating-voltage","embeddable":true,"href":"https:\/\/www.digitron.be\/fr\/wp-json\/wp\/v2\/pa_operating-voltage?post=1553"},{"taxonomy":"pa_response-time","embeddable":true,"href":"https:\/\/www.digitron.be\/fr\/wp-json\/wp\/v2\/pa_response-time?post=1553"}],"curies":[{"name":"wp","href":"https:\/\/api.w.org\/{rel}","templated":true}]}}