{"id":10078,"date":"2026-02-20T12:52:34","date_gmt":"2026-02-20T11:52:34","guid":{"rendered":"https:\/\/www.digitron.be\/?post_type=product&#038;p=10078"},"modified":"2026-02-20T12:54:40","modified_gmt":"2026-02-20T11:54:40","slug":"holdx-rs2-cc-s","status":"publish","type":"product","link":"https:\/\/www.digitron.be\/fr\/produit\/holdx-rs2-cc-s\/","title":{"rendered":"HOLDX RS2-CC-S"},"content":{"rendered":"<section class=\"block b-text block__spacer-top block__spacer-bottom\">\n    <div class=\"container\">\n                    <!-- Options Text -->\n            \n            \n    <div class=\"block__global-title mb-20\">\n                    <div class=\"d-block text-start\">\n                <h2 class=\"d-inline-block text-primary mb-0\">Description<\/h2>\n            <\/div>\n                            <\/div>\n\n            <div class=\"row\">\n                                    <div class=\"text-body u-text-md text-start col-lg-8\">\n                        <p>Le HOLDX RS est une serrure magn\u00e9tique RFID de conception petite et compacte avec une force de fermeture de 600 N. En plus de la force de maintien de l'\u00e9lectroaimant, la plaque d'ancrage mobile dispose d'un aimant permanent de 50 N qui emp\u00eache l'ouverture imm\u00e9diate d'une porte. Le capteur de s\u00e9curit\u00e9 RFID int\u00e9gr\u00e9 r\u00e9pond au niveau de performance le plus \u00e9lev\u00e9 PLe selon la norme EN ISO 13849-1:2016. Une interface Bluetooth int\u00e9gr\u00e9e et un diagnostic LED complet permettent un fonctionnement intelligent et un diagnostic rapide.<\/p>\n                    <\/div>\n                            <\/div>\n\n            \n        \n        \n        \n        \n            <\/div>\n<\/section>","protected":false},"excerpt":{"rendered":"<p>Verrouillage magn\u00e9tique esclave, codage standard, 2 x queue de cochon M12 8 broches, force de verrouillage 600 N<\/p>","protected":false},"featured_media":10079,"template":"","meta":[],"product_cat":[603,1478,666],"product_tag":[],"product_shipping_class":[],"pa_categorie":[],"pa_operating-voltage":[],"pa_response-time":[],"acf":[],"_links":{"self":[{"href":"https:\/\/www.digitron.be\/fr\/wp-json\/wp\/v2\/product\/10078"}],"collection":[{"href":"https:\/\/www.digitron.be\/fr\/wp-json\/wp\/v2\/product"}],"about":[{"href":"https:\/\/www.digitron.be\/fr\/wp-json\/wp\/v2\/types\/product"}],"wp:featuredmedia":[{"embeddable":true,"href":"https:\/\/www.digitron.be\/fr\/wp-json\/wp\/v2\/media\/10079"}],"wp:attachment":[{"href":"https:\/\/www.digitron.be\/fr\/wp-json\/wp\/v2\/media?parent=10078"}],"wp:term":[{"taxonomy":"product_cat","embeddable":true,"href":"https:\/\/www.digitron.be\/fr\/wp-json\/wp\/v2\/product_cat?post=10078"},{"taxonomy":"product_tag","embeddable":true,"href":"https:\/\/www.digitron.be\/fr\/wp-json\/wp\/v2\/product_tag?post=10078"},{"taxonomy":"product_shipping_class","embeddable":true,"href":"https:\/\/www.digitron.be\/fr\/wp-json\/wp\/v2\/product_shipping_class?post=10078"},{"taxonomy":"pa_categorie","embeddable":true,"href":"https:\/\/www.digitron.be\/fr\/wp-json\/wp\/v2\/pa_categorie?post=10078"},{"taxonomy":"pa_operating-voltage","embeddable":true,"href":"https:\/\/www.digitron.be\/fr\/wp-json\/wp\/v2\/pa_operating-voltage?post=10078"},{"taxonomy":"pa_response-time","embeddable":true,"href":"https:\/\/www.digitron.be\/fr\/wp-json\/wp\/v2\/pa_response-time?post=10078"}],"curies":[{"name":"wp","href":"https:\/\/api.w.org\/{rel}","templated":true}]}}