{"id":10039,"date":"2026-02-20T09:57:00","date_gmt":"2026-02-20T08:57:00","guid":{"rendered":"https:\/\/www.digitron.be\/?post_type=product&#038;p=10039"},"modified":"2026-02-20T10:09:48","modified_gmt":"2026-02-20T09:09:48","slug":"ams2520a-400i-4s-67","status":"publish","type":"product","link":"https:\/\/www.digitron.be\/fr\/produit\/ams2520a-400i-4s-67\/","title":{"rendered":"AMS2520A-400i\/4S\/67"},"content":{"rendered":"<section class=\"block b-text block__spacer-top block__spacer-bottom\">\n    <div class=\"container\">\n                    <!-- Options Text -->\n            \n            \n    <div class=\"block__global-title mb-20\">\n                    <div class=\"d-block text-start\">\n                <h2 class=\"d-inline-block text-primary mb-0\">Description<\/h2>\n            <\/div>\n                            <\/div>\n\n            <div class=\"row\">\n                                    <div class=\"text-body u-text-md text-start col-lg-8\">\n                        <p>Projecteur annulaire multicolore \u00e0 \u00e9clairage diffus \u00e0 faible angle (avec option multi-secteurs et multi-spectres), permettant d'\u00e9clairer de mani\u00e8re homog\u00e8ne les points saillants et les d\u00e9fauts sans \u00e9blouissement par les LED. Cette s\u00e9rie permet d'\u00e9clairer correctement les objets sph\u00e9riques brillants et d'\u00e9viter l'effet de halo. La lumi\u00e8re des LED passe \u00e0 travers un filtre de diffusion pour \u00e9clairer le centre de la pi\u00e8ce avec une lumi\u00e8re diffuse uniforme sous un angle faible.<\/p>\n                    <\/div>\n                            <\/div>\n\n            \n        \n        \n        \n        \n            <\/div>\n<\/section>","protected":false},"excerpt":{"rendered":"","protected":false},"featured_media":10038,"template":"","meta":[],"product_cat":[839,3280,847],"product_tag":[],"product_shipping_class":[],"pa_categorie":[],"pa_operating-voltage":[],"pa_response-time":[],"acf":[],"_links":{"self":[{"href":"https:\/\/www.digitron.be\/fr\/wp-json\/wp\/v2\/product\/10039"}],"collection":[{"href":"https:\/\/www.digitron.be\/fr\/wp-json\/wp\/v2\/product"}],"about":[{"href":"https:\/\/www.digitron.be\/fr\/wp-json\/wp\/v2\/types\/product"}],"wp:featuredmedia":[{"embeddable":true,"href":"https:\/\/www.digitron.be\/fr\/wp-json\/wp\/v2\/media\/10038"}],"wp:attachment":[{"href":"https:\/\/www.digitron.be\/fr\/wp-json\/wp\/v2\/media?parent=10039"}],"wp:term":[{"taxonomy":"product_cat","embeddable":true,"href":"https:\/\/www.digitron.be\/fr\/wp-json\/wp\/v2\/product_cat?post=10039"},{"taxonomy":"product_tag","embeddable":true,"href":"https:\/\/www.digitron.be\/fr\/wp-json\/wp\/v2\/product_tag?post=10039"},{"taxonomy":"product_shipping_class","embeddable":true,"href":"https:\/\/www.digitron.be\/fr\/wp-json\/wp\/v2\/product_shipping_class?post=10039"},{"taxonomy":"pa_categorie","embeddable":true,"href":"https:\/\/www.digitron.be\/fr\/wp-json\/wp\/v2\/pa_categorie?post=10039"},{"taxonomy":"pa_operating-voltage","embeddable":true,"href":"https:\/\/www.digitron.be\/fr\/wp-json\/wp\/v2\/pa_operating-voltage?post=10039"},{"taxonomy":"pa_response-time","embeddable":true,"href":"https:\/\/www.digitron.be\/fr\/wp-json\/wp\/v2\/pa_response-time?post=10039"}],"curies":[{"name":"wp","href":"https:\/\/api.w.org\/{rel}","templated":true}]}}