{"id":10018,"date":"2026-02-18T11:49:02","date_gmt":"2026-02-18T10:49:02","guid":{"rendered":"https:\/\/www.digitron.be\/?post_type=product&#038;p=10018"},"modified":"2026-02-20T10:35:03","modified_gmt":"2026-02-20T09:35:03","slug":"be-dome60-50-rgb-t4","status":"publish","type":"product","link":"https:\/\/www.digitron.be\/fr\/produit\/be-dome60-50-rgb-t4\/","title":{"rendered":"BE-DOME60\/50-RGB-T4"},"content":{"rendered":"<section class=\"block b-text block__spacer-top block__spacer-bottom\">\n    <div class=\"container\">\n                    <!-- Options Text -->\n            \n            \n    <div class=\"block__global-title mb-20\">\n                    <div class=\"d-block text-start\">\n                <h2 class=\"d-inline-block text-primary mb-0\">BE-DOME Luminaires de d\u00f4me<\/h2>\n            <\/div>\n                            <\/div>\n\n            <div class=\"row\">\n                                    <div class=\"text-body u-text-md text-start col-lg-8\">\n                        <p>L'\u00e9clairage par d\u00f4me sph\u00e9rique de di-soric garantit une situation d'\u00e9clairage extr\u00eamement diffuse. Les ombres caus\u00e9es par les surfaces rugueuses ou ray\u00e9es sont donc supprim\u00e9es autant que possible. L'application de la cam\u00e9ra peut donc rendre les contrastes et les caract\u00e9ristiques du produit qui sont visibles de mani\u00e8re beaucoup plus stable qu'avec un \u00e9clairage ponctuel ou surfacique.<\/p>\n<ul>\n<li>Lumi\u00e8re RVB avec couleurs contr\u00f4lables individuellement<\/li>\n<li>\u00c9clairage tr\u00e8s homog\u00e8ne et diffus<\/li>\n<li>Conception tr\u00e8s compacte<\/li>\n<li>Forte intensit\u00e9 lumineuse<\/li>\n<li>Conception robuste<\/li>\n<\/ul>\n                    <\/div>\n                            <\/div>\n\n            \n        \n        \n        \n        \n            <\/div>\n<\/section>","protected":false},"excerpt":{"rendered":"","protected":false},"featured_media":10021,"template":"","meta":[],"product_cat":[839,3263,847],"product_tag":[],"product_shipping_class":[],"pa_categorie":[],"pa_operating-voltage":[],"pa_response-time":[],"acf":[],"_links":{"self":[{"href":"https:\/\/www.digitron.be\/fr\/wp-json\/wp\/v2\/product\/10018"}],"collection":[{"href":"https:\/\/www.digitron.be\/fr\/wp-json\/wp\/v2\/product"}],"about":[{"href":"https:\/\/www.digitron.be\/fr\/wp-json\/wp\/v2\/types\/product"}],"wp:featuredmedia":[{"embeddable":true,"href":"https:\/\/www.digitron.be\/fr\/wp-json\/wp\/v2\/media\/10021"}],"wp:attachment":[{"href":"https:\/\/www.digitron.be\/fr\/wp-json\/wp\/v2\/media?parent=10018"}],"wp:term":[{"taxonomy":"product_cat","embeddable":true,"href":"https:\/\/www.digitron.be\/fr\/wp-json\/wp\/v2\/product_cat?post=10018"},{"taxonomy":"product_tag","embeddable":true,"href":"https:\/\/www.digitron.be\/fr\/wp-json\/wp\/v2\/product_tag?post=10018"},{"taxonomy":"product_shipping_class","embeddable":true,"href":"https:\/\/www.digitron.be\/fr\/wp-json\/wp\/v2\/product_shipping_class?post=10018"},{"taxonomy":"pa_categorie","embeddable":true,"href":"https:\/\/www.digitron.be\/fr\/wp-json\/wp\/v2\/pa_categorie?post=10018"},{"taxonomy":"pa_operating-voltage","embeddable":true,"href":"https:\/\/www.digitron.be\/fr\/wp-json\/wp\/v2\/pa_operating-voltage?post=10018"},{"taxonomy":"pa_response-time","embeddable":true,"href":"https:\/\/www.digitron.be\/fr\/wp-json\/wp\/v2\/pa_response-time?post=10018"}],"curies":[{"name":"wp","href":"https:\/\/api.w.org\/{rel}","templated":true}]}}